{"id":211,"date":"2016-08-03T13:03:41","date_gmt":"2016-08-03T13:03:41","guid":{"rendered":"https:\/\/govisa.eu\/?page_id=211"},"modified":"2025-01-19T22:45:00","modified_gmt":"2025-01-19T22:45:00","slug":"home","status":"publish","type":"page","link":"https:\/\/govisa.eu\/","title":{"rendered":"Home"},"content":{"rendered":"<!-- wp:themify-builder\/canvas \/-->","protected":false},"excerpt":{"rendered":"","protected":false},"author":1,"featured_media":0,"parent":0,"menu_order":0,"comment_status":"closed","ping_status":"closed","template":"","meta":{"footnotes":""},"class_list":["post-211","page","type-page","status-publish","hentry","has-post-title","has-post-date","has-post-category","has-post-tag","has-post-comment","has-post-author",""],"builder_content":"<a href=\"https:\/\/govisa.eu\/?page_id=213\" target=\"_blank\" rel=\"noopener\"> Kontakto tani <\/a>\n\n<h1><br\/>Sh\u00ebrbimet<\/h1>\n<svg> <circle r=\"calc(50% - 1.00px)\" cx=\"50%\" cy=\"50%\" stroke-width=\"2\"\/> <circle r=\"calc(50% - 1.00px)\" cx=\"50%\" cy=\"50%\" stroke=\"#d9a938\" stroke-width=\"2\" data-progress=\"100\" stroke-dasharray=\"0,10000\"\/> <\/svg> <em style=\"color:#000\"><svg aria-hidden=\"true\"><use href=\"#tf-fas-folder-open\"><\/use><\/svg><\/em> \n <h3> Rregullimi i dokumentave p\u00ebr viza pune <\/h3> <p style=\"text-align: center;\"><a href=\"https:\/\/govisa.eu\/?page_id=213\">Kontakto tani<\/a><\/p>\n<svg> <circle r=\"calc(50% - 1.00px)\" cx=\"50%\" cy=\"50%\" stroke-width=\"2\"\/> <circle r=\"calc(50% - 1.00px)\" cx=\"50%\" cy=\"50%\" stroke=\"#d9a938\" stroke-width=\"2\" data-progress=\"100\" stroke-dasharray=\"0,10000\"\/> <\/svg> <em style=\"color:#000\"><svg aria-hidden=\"true\"><use href=\"#tf-fas-passport\"><\/use><\/svg><\/em> \n <h3> Aplikime p\u00ebr viz\u00eb pune <\/h3> <p style=\"text-align: center;\"><a href=\"https:\/\/govisa.eu\/?page_id=213\">Kontakto tani<\/a><\/p>\n<svg> <circle r=\"calc(50% - 1.00px)\" cx=\"50%\" cy=\"50%\" stroke-width=\"2\"\/> <circle r=\"calc(50% - 1.00px)\" cx=\"50%\" cy=\"50%\" stroke=\"#d9a938\" stroke-width=\"2\" data-progress=\"100\" stroke-dasharray=\"0,10000\"\/> <\/svg> <em style=\"color:#000\"><svg aria-hidden=\"true\"><use href=\"#tf-fas-file-pen\"><\/use><\/svg><\/em> \n <h3> Asistim n\u00eb p\u00ebrgaditjen e dokumentave <\/h3> <p style=\"text-align: center;\"><a href=\"https:\/\/govisa.eu\/?page_id=213\">Kontakto tani<\/a><\/p>\n<svg> <circle r=\"calc(50% - 1.00px)\" cx=\"50%\" cy=\"50%\" stroke-width=\"2\"\/> <circle r=\"calc(50% - 1.00px)\" cx=\"50%\" cy=\"50%\" stroke=\"#d9a938\" stroke-width=\"2\" data-progress=\"100\" stroke-dasharray=\"0,10000\"\/> <\/svg> <em style=\"color:#000\"><svg aria-hidden=\"true\"><use href=\"#tf-fas-calendar-check\"><\/use><\/svg><\/em> \n <h3> Asistim & Rezervim p\u00ebr termine n\u00eb ambasaden Gjermane <\/h3> <p style=\"text-align: center;\"><a href=\"https:\/\/govisa.eu\/?page_id=213\">Kontakto tani<\/a><\/p>\n<svg> <circle r=\"calc(50% - 1.00px)\" cx=\"50%\" cy=\"50%\" stroke-width=\"2\"\/> <circle r=\"calc(50% - 1.00px)\" cx=\"50%\" cy=\"50%\" stroke=\"#d9a938\" stroke-width=\"2\" data-progress=\"100\" stroke-dasharray=\"0,10000\"\/> <\/svg> <em style=\"color:#000\"><svg aria-hidden=\"true\"><use href=\"#tf-fas-heart-pulse\"><\/use><\/svg><\/em> \n <h3> Sigurime Sh\u00ebndetsore <\/h3> <p style=\"text-align: center;\"><a href=\"https:\/\/govisa.eu\/?page_id=213\">Kontakto tani<\/a><\/p>\n<svg> <circle r=\"calc(50% - 1.00px)\" cx=\"50%\" cy=\"50%\" stroke-width=\"2\"\/> <circle r=\"calc(50% - 1.00px)\" cx=\"50%\" cy=\"50%\" stroke=\"#d9a938\" stroke-width=\"2\" data-progress=\"100\" stroke-dasharray=\"0,10000\"\/> <\/svg> <em style=\"color:#000\"><svg aria-hidden=\"true\"><use href=\"#tf-fas-file-circle-check\"><\/use><\/svg><\/em> \n <h3> Nostrifikimi i Diplomave <\/h3> <p style=\"text-align: center;\"><a href=\"https:\/\/govisa.eu\/?page_id=213\">Kontakto tani<\/a><\/p>\n<svg> <circle r=\"calc(50% - 1.00px)\" cx=\"50%\" cy=\"50%\" stroke-width=\"2\"\/> <circle r=\"calc(50% - 1.00px)\" cx=\"50%\" cy=\"50%\" stroke=\"#d9a938\" stroke-width=\"2\" data-progress=\"100\" stroke-dasharray=\"0,10000\"\/> <\/svg> <em style=\"color:#000\"><svg aria-hidden=\"true\"><use href=\"#tf-fas-book-open\"><\/use><\/svg><\/em> \n <h3> P\u00ebrkthimi i Dokumentave <\/h3> <p style=\"text-align: center;\"><a href=\"https:\/\/govisa.eu\/?page_id=213\">Kontakto tani<\/a><\/p>\n<svg> <circle r=\"calc(50% - 1.00px)\" cx=\"50%\" cy=\"50%\" stroke-width=\"2\"\/> <circle r=\"calc(50% - 1.00px)\" cx=\"50%\" cy=\"50%\" stroke=\"#d9a938\" stroke-width=\"2\" data-progress=\"100\" stroke-dasharray=\"0,10000\"\/> <\/svg> <em style=\"color:#000\"><svg aria-hidden=\"true\"><use href=\"#tf-fas-user-pen\"><\/use><\/svg><\/em> \n <h3> Konsultim Profesional <\/h3> <p style=\"text-align: center;\"><a href=\"https:\/\/govisa.eu\/?page_id=213\">Kontakto tani<\/a><\/p>\n<h3>Procesi yn\u00eb i pun\u00ebs<\/h3>\n<svg> <circle r=\"calc(50% - 1.00px)\" cx=\"50%\" cy=\"50%\" stroke-width=\"2\"\/> <circle r=\"calc(50% - 1.00px)\" cx=\"50%\" cy=\"50%\" stroke=\"#d9a938\" stroke-width=\"2\" data-progress=\"100\" stroke-dasharray=\"0,10000\"\/> <\/svg> <em style=\"color:#000\"><svg aria-hidden=\"true\"><use href=\"#tf-fas-list-check\"><\/use><\/svg><\/em> \n <h3> Konsultim dhe Vler\u00ebsim <\/h3>\n<svg> <circle r=\"calc(50% - 1.00px)\" cx=\"50%\" cy=\"50%\" stroke-width=\"2\"\/> <circle r=\"calc(50% - 1.00px)\" cx=\"50%\" cy=\"50%\" stroke=\"#d9a938\" stroke-width=\"2\" data-progress=\"100\" stroke-dasharray=\"0,10000\"\/> <\/svg> <em style=\"color:#000\"><svg aria-hidden=\"true\"><use href=\"#tf-fas-folder-closed\"><\/use><\/svg><\/em> \n <h3> P\u00ebrgatitja dhe Paraqitja e Dokumentacionit <\/h3>\n<svg> <circle r=\"calc(50% - 1.00px)\" cx=\"50%\" cy=\"50%\" stroke-width=\"2\"\/> <circle r=\"calc(50% - 1.00px)\" cx=\"50%\" cy=\"50%\" stroke=\"#d9a938\" stroke-width=\"2\" data-progress=\"100\" stroke-dasharray=\"0,10000\"\/> <\/svg> <em style=\"color:#000\"><svg aria-hidden=\"true\"><use href=\"#tf-fas-mail-bulk\"><\/use><\/svg><\/em> \n <h3> Monitorimi dhe Njoftimi <\/h3>\n\n<h2>Cfar\u00eb thon\u00eb klient\u00ebt p\u00ebr ne<\/h2>\n<svg aria-hidden=\"true\"><use href=\"#tf-fas-fullstar\"><\/use><\/svg><svg aria-hidden=\"true\"><use href=\"#tf-fas-fullstar\"><\/use><\/svg><svg aria-hidden=\"true\"><use href=\"#tf-fas-fullstar\"><\/use><\/svg><svg aria-hidden=\"true\"><use href=\"#tf-fas-fullstar\"><\/use><\/svg><svg aria-hidden=\"true\"><use href=\"#tf-fas-fullstar\"><\/use><\/svg>\n<h3>Mbeshtetje n\u00eb cdo hap<\/h3> <p>Golden Visa na udh\u00ebhoqi n\u00eb \u00e7do hap t\u00eb procesit t\u00eb viz\u00ebs s\u00eb pun\u00ebs. Dokumentet tona u p\u00ebrgatit\u00ebn pa asnj\u00eb problem dhe gjith\u00e7ka shkoi pa nd\u00ebrprerje. Faleminderit p\u00ebr mb\u00ebshtetjen profesionale dhe t\u00eb kujdesshme!<\/p> <figure> <img src=\"data:image\/svg+xml,%3Csvg%20xmlns=%27http:\/\/www.w3.org\/2000\/svg%27%20width='80'%20height='80'%20viewBox=%270%200%2080%2080%27%3E%3C\/svg%3E\" loading=\"lazy\" data-lazy=\"1\" data-tf-not-load=\"1\" style=\"background:linear-gradient(to right,#9699a1 25%,#e0e6ec 25% 50%,#e7e2e8 50% 75%,#edeaea 75%),linear-gradient(to right,#d9e3f0 25%,#d9dde8 25% 50%,#acd0ee 50% 75%,#ecf1f0 75%),linear-gradient(to right,#6a4c3f 25%,#623f38 25% 50%,#799dbf 50% 75%,#afc5e2 75%),linear-gradient(to right,#15110e 25%,#756a5f 25% 50%,#6f553f 50% 75%,#695643 75%)\" decoding=\"async\" width=\"80\" height=\"80\" data-tf-src=\"https:\/\/govisa.eu\/wp-content\/uploads\/2024\/08\/person-1.png\" title=\"person-1\" alt=\"Mbeshtetje n\u00eb cdo hap\"><noscript><img data-tf-not-load src=\"https:\/\/govisa.eu\/wp-content\/uploads\/2024\/08\/person-1.png\" title=\"person-1\" alt=\"Mbeshtetje n\u00eb cdo hap\"><\/noscript> <\/figure> Elion H <h3>Leht\u00eb dhe pa stres<\/h3> <p>Asistenca p\u00ebr nostrifikimin e diplom\u00ebs time ishte e shk\u00eblqyer. Ekipi i Golden Visa e b\u00ebri gjith\u00eb procesin t\u00eb leht\u00eb dhe pa stres. Tani jam i gatsh\u00ebm p\u00ebr t\u00eb nisur karrier\u00ebn time n\u00eb Gjermani.<\/p> <figure> <img src=\"data:image\/svg+xml,%3Csvg%20xmlns=%27http:\/\/www.w3.org\/2000\/svg%27%20width='80'%20height='80'%20viewBox=%270%200%2080%2080%27%3E%3C\/svg%3E\" loading=\"lazy\" data-lazy=\"1\" data-tf-not-load=\"1\" style=\"background:linear-gradient(to right,#000000 25%,#bb7b64 25% 50%,#e4e8ec 50% 75%,#000000 75%),linear-gradient(to right,#f1f5f8 25%,#62637a 25% 50%,#7a6560 50% 75%,#b4bdca 75%),linear-gradient(to right,#f1f1f3 25%,#7b6863 25% 50%,#6e6462 50% 75%,#685a58 75%),linear-gradient(to right,#000000 25%,#8f5c4d 25% 50%,#8a665b 50% 75%,#000000 75%)\" decoding=\"async\" width=\"80\" height=\"80\" data-tf-src=\"https:\/\/govisa.eu\/wp-content\/uploads\/2024\/08\/person-2.png\" title=\"person-2\" alt=\"Leht\u00eb dhe pa stres\"><noscript><img data-tf-not-load src=\"https:\/\/govisa.eu\/wp-content\/uploads\/2024\/08\/person-2.png\" title=\"person-2\" alt=\"Leht\u00eb dhe pa stres\"><\/noscript> <\/figure> Besart D <h3>Sherbim profesional p\u00ebr sigurim sh\u00ebndetsor<\/h3> <p>Golden Visa m\u00eb ndihmoi t\u00eb zgjedh sigurimin sh\u00ebndet\u00ebsor t\u00eb duhur p\u00ebr udh\u00ebtimin dhe q\u00ebndrimin tim n\u00eb Gjermani. Procesi ishte i shpejt\u00eb dhe i leht\u00eb, dhe tani ndihem i sigurt dhe i mbrojtur. Sh\u00ebrbimi i tyre ishte i jasht\u00ebzakonsh\u00ebm!<\/p> <figure> <img src=\"data:image\/svg+xml,%3Csvg%20xmlns=%27http:\/\/www.w3.org\/2000\/svg%27%20width='80'%20height='80'%20viewBox=%270%200%2080%2080%27%3E%3C\/svg%3E\" loading=\"lazy\" data-lazy=\"1\" data-tf-not-load=\"1\" style=\"background:linear-gradient(to right,#000000 25%,#3f271a 25% 50%,#361c0e 50% 75%,#000000 75%),linear-gradient(to right,#d8c4ab 25%,#503221 25% 50%,#4a2f20 50% 75%,#e7d7c3 75%),linear-gradient(to right,#e1d1bc 25%,#6b5a51 25% 50%,#613b26 50% 75%,#eadecc 75%),linear-gradient(to right,#000000 25%,#dcdbdc 25% 50%,#e0e0e0 50% 75%,#000000 75%)\" decoding=\"async\" width=\"80\" height=\"80\" data-tf-src=\"https:\/\/govisa.eu\/wp-content\/uploads\/2024\/08\/person-3.png\" title=\"person-3\" alt=\"Sherbim profesional p\u00ebr sigurim sh\u00ebndetsor\"><noscript><img data-tf-not-load src=\"https:\/\/govisa.eu\/wp-content\/uploads\/2024\/08\/person-3.png\" title=\"person-3\" alt=\"Sherbim profesional p\u00ebr sigurim sh\u00ebndetsor\"><\/noscript> <\/figure> Nora K\n\n<h3>Fakte p\u00ebr Golden Visa<\/h3> <p>Ne jemi t\u00eb p\u00ebrkushtuar p\u00ebr t\u00eb ofruar sh\u00ebrbime t\u00eb cil\u00ebsis\u00eb s\u00eb lart\u00eb, duke siguruar suksesin e klient\u00ebve tan\u00eb n\u00eb \u00e7do hap t\u00eb rrug\u00ebs.<\/p>\n<h2>Na kontaktoni<\/h2>\n<p>Jemi k\u00ebtu p\u00ebr t\u00eb ndihmuar! N\u00ebse keni ndonj\u00eb pyetje, keni nevoj\u00eb p\u00ebr m\u00eb shum\u00eb informacione rreth sh\u00ebrbimeve tona, ose d\u00ebshironi t\u00eb caktoni nj\u00eb takim, ju lutemi t\u00eb plot\u00ebsoni form\u00ebn e m\u00ebposhtme. Ekipi yn\u00eb profesional \u00ebsht\u00eb i gatsh\u00ebm t\u00eb p\u00ebrgjigjet n\u00eb \u00e7do pyetje tuaj\u00ebn dhe t'ju ofroj\u00eb mb\u00ebshtetjen e nevojshme p\u00ebr aplikimin tuaj p\u00ebr viz\u00ebn e pun\u00ebs n\u00eb Gjermani. Mos hezitoni t\u00eb na kontaktoni \u2013 presim me padurim t\u00eb d\u00ebgjojm\u00eb nga ju!<\/p>\n<h4>kontakti<\/h4>\n\n<em><svg aria-hidden=\"true\"><use href=\"#tf-fas-phone\"><\/use><\/svg><\/em> +383 45 906 965 <em><svg aria-hidden=\"true\"><use href=\"#tf-fas-phone\"><\/use><\/svg><\/em> +383 48 488 477 <em><svg aria-hidden=\"true\"><use href=\"#tf-fas-phone\"><\/use><\/svg><\/em> +491 525 2343 808 <em><svg aria-hidden=\"true\"><use href=\"#tf-far-envelope\"><\/use><\/svg><\/em> info@govisa.eu\n<h4>Adresa<\/h4>\n\n<p>rr.Kaqaniku p.n<br>Prishtin\u00eb, Kosov\u00eb<br>10000<\/p>","_links":{"self":[{"href":"https:\/\/govisa.eu\/index.php?rest_route=\/wp\/v2\/pages\/211","targetHints":{"allow":["GET"]}}],"collection":[{"href":"https:\/\/govisa.eu\/index.php?rest_route=\/wp\/v2\/pages"}],"about":[{"href":"https:\/\/govisa.eu\/index.php?rest_route=\/wp\/v2\/types\/page"}],"author":[{"embeddable":true,"href":"https:\/\/govisa.eu\/index.php?rest_route=\/wp\/v2\/users\/1"}],"replies":[{"embeddable":true,"href":"https:\/\/govisa.eu\/index.php?rest_route=%2Fwp%2Fv2%2Fcomments&post=211"}],"version-history":[{"count":158,"href":"https:\/\/govisa.eu\/index.php?rest_route=\/wp\/v2\/pages\/211\/revisions"}],"predecessor-version":[{"id":554,"href":"https:\/\/govisa.eu\/index.php?rest_route=\/wp\/v2\/pages\/211\/revisions\/554"}],"wp:attachment":[{"href":"https:\/\/govisa.eu\/index.php?rest_route=%2Fwp%2Fv2%2Fmedia&parent=211"}],"curies":[{"name":"wp","href":"https:\/\/api.w.org\/{rel}","templated":true}]}}