{"id":213,"date":"2016-08-03T12:52:55","date_gmt":"2016-08-03T12:52:55","guid":{"rendered":"https:\/\/govisa.eu\/?page_id=213"},"modified":"2025-01-20T09:05:26","modified_gmt":"2025-01-20T09:05:26","slug":"contact","status":"publish","type":"page","link":"https:\/\/govisa.eu\/?page_id=213","title":{"rendered":"Contact"},"content":{"rendered":"<p><!--themify_builder_static--><\/p>\n<h2>Na kontaktoni<\/h2>\n<p>Jemi k\u00ebtu p\u00ebr t\u00eb ndihmuar! N\u00ebse keni ndonj\u00eb pyetje, keni nevoj\u00eb p\u00ebr m\u00eb shum\u00eb informacione rreth sh\u00ebrbimeve tona, ose d\u00ebshironi t\u00eb caktoni nj\u00eb takim, ju lutemi t\u00eb plot\u00ebsoni form\u00ebn e m\u00ebposhtme. Ekipi yn\u00eb profesional \u00ebsht\u00eb i gatsh\u00ebm t\u00eb p\u00ebrgjigjet n\u00eb \u00e7do pyetje tuaj\u00ebn dhe t&#8217;ju ofroj\u00eb mb\u00ebshtetjen e nevojshme p\u00ebr aplikimin tuaj p\u00ebr viz\u00ebn e pun\u00ebs n\u00eb Gjermani. Mos hezitoni t\u00eb na kontaktoni \u2013 presim me padurim t\u00eb d\u00ebgjojm\u00eb nga ju!<\/p>\n<h4>kontakti<\/h4>\n<p><em><svg aria-hidden=\"true\"><use href=\"#tf-fas-phone\"><\/use><\/svg><\/em> +383 45 906 965 <em><svg aria-hidden=\"true\"><use href=\"#tf-fas-phone\"><\/use><\/svg><\/em> +383 48 488 477 <em><svg aria-hidden=\"true\"><use href=\"#tf-fas-phone\"><\/use><\/svg><\/em> +491 525 2343 808 <em><svg aria-hidden=\"true\"><use href=\"#tf-far-envelope\"><\/use><\/svg><\/em> info@govisa.eu<\/p>\n<h4>Adresa<\/h4>\n<p>rr.Kaqaniku p.n<br \/>Prishtin\u00eb, Kosov\u00eb<br \/>10000<\/p>\n<form id=\"tb_zj1d581-form\" method=\"post\" data-post-id=\"0\" data-element-id=\"zj1d581\" data-orig-id=\"\" > <label for=\"tb_zj1d581-contact-name\"> Emri Mbiemri * <\/label> <input type=\"text\" name=\"contact-name\" placeholder=\"\" id=\"tb_zj1d581-contact-name\" value=\"\" required> <label for=\"tb_zj1d581-contact-email\"> Email adresa * <\/label> <input type=\"email\" name=\"contact-email\" placeholder=\"\" id=\"tb_zj1d581-contact-email\" value=\"\" required> <label for=\"field_extra_tb_zj1d581_0\"> Numri i tel <input type=\"hidden\" name=\"field_extra_name_0\" value=\"Numri i tel\"> <\/label> <input type=\"number\" name=\"field_extra_0\" id=\"field_extra_tb_zj1d581_0\" placeholder=\"+383\"> <label for=\"tb_zj1d581-contact-message\"> Mesazhi <\/label> <textarea name=\"contact-message\" placeholder=\"\" id=\"tb_zj1d581-contact-message\"><\/textarea> <button type=\"submit\"> dergo mesazhin <\/button> <\/form>\n<p><iframe src=\"https:\/\/www.google.com\/maps\/embed?pb=!1m18!1m12!1m3!1d183.38380301981942!2d21.168845520660717!3d42.65837056806972!2m3!1f0!2f0!3f0!3m2!1i1024!2i768!4f13.1!3m3!1m2!1s0x13549fed83b894a5%3A0x2f7529527647a563!2sVisaMetric!5e0!3m2!1sen!2s!4v1737324685193!5m2!1sen!2s\" width=\"1920\" height=\"600\" style=\"border:0;\" allowfullscreen=\"\" loading=\"lazy\" referrerpolicy=\"no-referrer-when-downgrade\"><\/iframe><!--\/themify_builder_static--><\/p>\n","protected":false},"excerpt":{"rendered":"<p>Na kontaktoni Jemi k\u00ebtu p\u00ebr t\u00eb ndihmuar! N\u00ebse keni ndonj\u00eb pyetje, keni nevoj\u00eb p\u00ebr m\u00eb shum\u00eb informacione rreth sh\u00ebrbimeve tona, ose d\u00ebshironi t\u00eb caktoni nj\u00eb takim, ju lutemi t\u00eb plot\u00ebsoni form\u00ebn e m\u00ebposhtme. Ekipi yn\u00eb profesional \u00ebsht\u00eb i gatsh\u00ebm t\u00eb p\u00ebrgjigjet n\u00eb \u00e7do pyetje tuaj\u00ebn dhe t&#8217;ju ofroj\u00eb mb\u00ebshtetjen e nevojshme p\u00ebr aplikimin tuaj p\u00ebr [&hellip;]<\/p>\n","protected":false},"author":1,"featured_media":0,"parent":0,"menu_order":0,"comment_status":"closed","ping_status":"closed","template":"","meta":{"footnotes":""},"class_list":["post-213","page","type-page","status-publish","hentry","has-post-title","has-post-date","has-post-category","has-post-tag","has-post-comment","has-post-author",""],"builder_content":"<h2>Na kontaktoni<\/h2>\n<p>Jemi k\u00ebtu p\u00ebr t\u00eb ndihmuar! N\u00ebse keni ndonj\u00eb pyetje, keni nevoj\u00eb p\u00ebr m\u00eb shum\u00eb informacione rreth sh\u00ebrbimeve tona, ose d\u00ebshironi t\u00eb caktoni nj\u00eb takim, ju lutemi t\u00eb plot\u00ebsoni form\u00ebn e m\u00ebposhtme. Ekipi yn\u00eb profesional \u00ebsht\u00eb i gatsh\u00ebm t\u00eb p\u00ebrgjigjet n\u00eb \u00e7do pyetje tuaj\u00ebn dhe t'ju ofroj\u00eb mb\u00ebshtetjen e nevojshme p\u00ebr aplikimin tuaj p\u00ebr viz\u00ebn e pun\u00ebs n\u00eb Gjermani. Mos hezitoni t\u00eb na kontaktoni \u2013 presim me padurim t\u00eb d\u00ebgjojm\u00eb nga ju!<\/p>\n<h4>kontakti<\/h4>\n\n<em><svg aria-hidden=\"true\"><use href=\"#tf-fas-phone\"><\/use><\/svg><\/em> +383 45 906 965 <em><svg aria-hidden=\"true\"><use href=\"#tf-fas-phone\"><\/use><\/svg><\/em> +383 48 488 477 <em><svg aria-hidden=\"true\"><use href=\"#tf-fas-phone\"><\/use><\/svg><\/em> +491 525 2343 808 <em><svg aria-hidden=\"true\"><use href=\"#tf-far-envelope\"><\/use><\/svg><\/em> info@govisa.eu\n<h4>Adresa<\/h4>\n\n<p>rr.Kaqaniku p.n<br>Prishtin\u00eb, Kosov\u00eb<br>10000<\/p>\n<iframe src=\"https:\/\/www.google.com\/maps\/embed?pb=!1m18!1m12!1m3!1d183.38380301981942!2d21.168845520660717!3d42.65837056806972!2m3!1f0!2f0!3f0!3m2!1i1024!2i768!4f13.1!3m3!1m2!1s0x13549fed83b894a5%3A0x2f7529527647a563!2sVisaMetric!5e0!3m2!1sen!2s!4v1737324685193!5m2!1sen!2s\" width=\"1920\" height=\"600\" style=\"border:0;\" allowfullscreen=\"\" loading=\"lazy\" referrerpolicy=\"no-referrer-when-downgrade\"><\/iframe>","_links":{"self":[{"href":"https:\/\/govisa.eu\/index.php?rest_route=\/wp\/v2\/pages\/213","targetHints":{"allow":["GET"]}}],"collection":[{"href":"https:\/\/govisa.eu\/index.php?rest_route=\/wp\/v2\/pages"}],"about":[{"href":"https:\/\/govisa.eu\/index.php?rest_route=\/wp\/v2\/types\/page"}],"author":[{"embeddable":true,"href":"https:\/\/govisa.eu\/index.php?rest_route=\/wp\/v2\/users\/1"}],"replies":[{"embeddable":true,"href":"https:\/\/govisa.eu\/index.php?rest_route=%2Fwp%2Fv2%2Fcomments&post=213"}],"version-history":[{"count":24,"href":"https:\/\/govisa.eu\/index.php?rest_route=\/wp\/v2\/pages\/213\/revisions"}],"predecessor-version":[{"id":563,"href":"https:\/\/govisa.eu\/index.php?rest_route=\/wp\/v2\/pages\/213\/revisions\/563"}],"wp:attachment":[{"href":"https:\/\/govisa.eu\/index.php?rest_route=%2Fwp%2Fv2%2Fmedia&parent=213"}],"curies":[{"name":"wp","href":"https:\/\/api.w.org\/{rel}","templated":true}]}}