{"id":217,"date":"2016-08-03T12:30:04","date_gmt":"2016-08-03T12:30:04","guid":{"rendered":"https:\/\/govisa.eu\/?page_id=217"},"modified":"2025-01-19T22:02:11","modified_gmt":"2025-01-19T22:02:11","slug":"about-us","status":"publish","type":"page","link":"https:\/\/govisa.eu\/?page_id=217","title":{"rendered":"About Us"},"content":{"rendered":"<p><!--themify_builder_static--><\/p>\n<h1 style=\"margin-bottom: 0;\">\u00a0<\/h1>\n<h5>\u00a0<\/h5>\n<h2>Rreth Nesh\u00a0<\/h2>\n<p data-pm-slice=\"1 1 []\">E themeluar n\u00eb vitin 2024, Golden Visa \u00ebsht\u00eb partneri juaj i besuar p\u00ebr t\u00eb naviguar kompleksitetet e vizave t\u00eb pun\u00ebs dhe sh\u00ebrbimeve t\u00eb lidhura me to p\u00ebr Gjermanin\u00eb. Ne krenohemi q\u00eb ofrojm\u00eb zgjidhje t\u00eb personalizuara q\u00eb fuqizojn\u00eb individ\u00ebt p\u00ebr t\u00eb realizuar \u00ebndrrat e tyre p\u00ebr t\u00eb punuar dhe jetuar jasht\u00eb vendit. Me nj\u00eb ekip profesionist\u00ebsh t\u00eb p\u00ebrkushtuar dhe nj\u00eb qasje t\u00eb orientuar te klienti, ne sigurojm\u00eb q\u00eb udh\u00ebtimi juaj t\u00eb jet\u00eb i thjesht\u00eb, efikas dhe pa stres.<\/p>\n<p data-pm-slice=\"1 1 []\"><strong>\u00c7far\u00eb Ofron Golden Visa<\/strong><\/p>\n<p data-pm-slice=\"1 1 []\">Golden Visa \u00ebsht\u00eb e specializuar n\u00eb:<\/p>\n<p><svg> <circle r=\"calc(50% - 1.00px)\" cx=\"50%\" cy=\"50%\" stroke-width=\"2\"\/> <circle r=\"calc(50% - 1.00px)\" cx=\"50%\" cy=\"50%\" stroke=\"#d9a938\" stroke-width=\"2\" data-progress=\"100\" stroke-dasharray=\"0,10000\"\/> <\/svg> <em style=\"color:#000000\"><svg aria-hidden=\"true\"><use href=\"#tf-fas-folder-open\"><\/use><\/svg><\/em> <\/p>\n<h3> Rregullimin e Dokumenteve p\u00ebr Viza Pune <\/h3>\n<p data-pm-slice=\"1 1 [&quot;ordered_list&quot;,{&quot;spread&quot;:false,&quot;startingNumber&quot;:1,&quot;start&quot;:1542,&quot;end&quot;:2431},&quot;regular_list_item&quot;,{&quot;start&quot;:1542,&quot;end&quot;:1715}]\">Nga mbledhja e dokumenteve t\u00eb nevojshme deri te sigurimi q\u00eb \u00e7do detaj \u00ebsht\u00eb i sakt\u00eb, ne menaxhojm\u00eb t\u00eb gjith\u00eb procesin p\u00ebr ju.<\/p>\n<p><svg> <circle r=\"calc(50% - 1.00px)\" cx=\"50%\" cy=\"50%\" stroke-width=\"2\"\/> <circle r=\"calc(50% - 1.00px)\" cx=\"50%\" cy=\"50%\" stroke=\"#d9a938\" stroke-width=\"2\" data-progress=\"100\" stroke-dasharray=\"0,10000\"\/> <\/svg> <em style=\"color:#000000\"><svg aria-hidden=\"true\"><use href=\"#tf-fas-file-pen\"><\/use><\/svg><\/em> <\/p>\n<h3> Asistenc\u00eb n\u00eb P\u00ebrgatitjen e Dokumenteve <\/h3>\n<p data-pm-slice=\"1 1 [&quot;ordered_list&quot;,{&quot;spread&quot;:false,&quot;startingNumber&quot;:1,&quot;start&quot;:1542,&quot;end&quot;:2431},&quot;regular_list_item&quot;,{&quot;start&quot;:1879,&quot;end&quot;:2012}]\">Keni nevoj\u00eb p\u00ebr ndihm\u00eb n\u00eb p\u00ebrgatitjen e dokumenteve? Ne ofrojm\u00eb udh\u00ebzime profesionale.<\/p>\n<p><svg> <circle r=\"calc(50% - 1.00px)\" cx=\"50%\" cy=\"50%\" stroke-width=\"2\"\/> <circle r=\"calc(50% - 1.00px)\" cx=\"50%\" cy=\"50%\" stroke=\"#d9a938\" stroke-width=\"2\" data-progress=\"100\" stroke-dasharray=\"0,10000\"\/> <\/svg> <em style=\"color:#000000\"><svg aria-hidden=\"true\"><use href=\"#tf-fas-passport\"><\/use><\/svg><\/em> <\/p>\n<h3> Aplikime p\u00ebr Viza Pune <\/h3>\n<p data-pm-slice=\"1 1 [&quot;ordered_list&quot;,{&quot;spread&quot;:false,&quot;startingNumber&quot;:1,&quot;start&quot;:1542,&quot;end&quot;:2431},&quot;regular_list_item&quot;,{&quot;start&quot;:1716,&quot;end&quot;:1878}]\">Ju udh\u00ebzojm\u00eb gjat\u00eb gjith\u00eb procesit t\u00eb aplikimit, duke siguruar q\u00eb t\u00eb gjitha k\u00ebrkesat t\u00eb plot\u00ebsohen dhe aplikimet t\u00eb jen\u00eb pa gabime.<\/p>\n<p><svg> <circle r=\"calc(50% - 1.00px)\" cx=\"50%\" cy=\"50%\" stroke-width=\"2\"\/> <circle r=\"calc(50% - 1.00px)\" cx=\"50%\" cy=\"50%\" stroke=\"#d9a938\" stroke-width=\"2\" data-progress=\"100\" stroke-dasharray=\"0,10000\"\/> <\/svg> <em style=\"color:#000000\"><svg aria-hidden=\"true\"><use href=\"#tf-fas-calendar-check\"><\/use><\/svg><\/em> <\/p>\n<h3> Rezervim p\u00ebr Termine n\u00eb Ambasad\u00ebn Gjermane <\/h3>\n<p data-pm-slice=\"1 1 [&quot;ordered_list&quot;,{&quot;spread&quot;:false,&quot;startingNumber&quot;:1,&quot;start&quot;:1542,&quot;end&quot;:2431},&quot;regular_list_item&quot;,{&quot;start&quot;:2013,&quot;end&quot;:2150}]\">Kurseni koh\u00eb dhe shmangni stresin me sh\u00ebrbimin ton\u00eb efikas t\u00eb rezervimit t\u00eb termineve.<\/p>\n<p><svg> <circle r=\"calc(50% - 1.00px)\" cx=\"50%\" cy=\"50%\" stroke-width=\"2\"\/> <circle r=\"calc(50% - 1.00px)\" cx=\"50%\" cy=\"50%\" stroke=\"#d9a938\" stroke-width=\"2\" data-progress=\"100\" stroke-dasharray=\"0,10000\"\/> <\/svg> <em style=\"color:#000000\"><svg aria-hidden=\"true\"><use href=\"#tf-fas-heartbeat\"><\/use><\/svg><\/em> <\/p>\n<h3> Sigurime Sh\u00ebndet\u00ebsore <\/h3>\n<p data-pm-slice=\"1 1 [&quot;ordered_list&quot;,{&quot;spread&quot;:false,&quot;startingNumber&quot;:1,&quot;start&quot;:1542,&quot;end&quot;:2431},&quot;regular_list_item&quot;,{&quot;start&quot;:2151,&quot;end&quot;:2288}]\">Zgjidhni planin e duhur t\u00eb sigurimit sh\u00ebndet\u00ebsor q\u00eb plot\u00ebson k\u00ebrkesat gjermane dhe ju ofron qet\u00ebsi mendore.<\/p>\n<p><svg> <circle r=\"calc(50% - 1.00px)\" cx=\"50%\" cy=\"50%\" stroke-width=\"2\"\/> <circle r=\"calc(50% - 1.00px)\" cx=\"50%\" cy=\"50%\" stroke=\"#d9a938\" stroke-width=\"2\" data-progress=\"100\" stroke-dasharray=\"0,10000\"\/> <\/svg> <em style=\"color:#000000\"><svg aria-hidden=\"true\"><use href=\"#tf-fas-user-pen\"><\/use><\/svg><\/em> <\/p>\n<h3> Nostrifikim i Diplomave <\/h3>\n<p data-pm-slice=\"1 1 [&quot;ordered_list&quot;,{&quot;spread&quot;:false,&quot;startingNumber&quot;:1,&quot;start&quot;:1542,&quot;end&quot;:2431},&quot;regular_list_item&quot;,{&quot;start&quot;:2289,&quot;end&quot;:2431}]\">Ne ndihmojm\u00eb me verifikimin dhe njohjen e kualifikimeve tuaja arsimore p\u00ebr nj\u00eb tranzicion t\u00eb qet\u00eb n\u00eb Gjermani.<\/p>\n<h3 style=\"text-align: center;\">Vlerat Themelore<\/h3>\n<p data-pm-slice=\"1 1 [&quot;list&quot;,{&quot;spread&quot;:false,&quot;start&quot;:1186,&quot;end&quot;:1473},&quot;regular_list_item&quot;,{&quot;start&quot;:1186,&quot;end&quot;:1270}]\"><strong>Profesionalizmi:<\/strong> Respektojm\u00eb standardet m\u00eb t\u00eb larta n\u00eb \u00e7do sh\u00ebrbim q\u00eb ofrojm\u00eb.<\/p>\n<p data-pm-slice=\"1 1 [&quot;list&quot;,{&quot;spread&quot;:false,&quot;start&quot;:1186,&quot;end&quot;:1473},&quot;regular_list_item&quot;,{&quot;start&quot;:1271,&quot;end&quot;:1363}]\"><strong>Transparenca:<\/strong> Komunikimi i qart\u00eb dhe udh\u00ebzimet e ndershme jan\u00eb n\u00eb thelb t\u00eb pun\u00ebs son\u00eb.<\/p>\n<p data-pm-slice=\"1 1 [&quot;list&quot;,{&quot;spread&quot;:false,&quot;start&quot;:1186,&quot;end&quot;:1473},&quot;regular_list_item&quot;,{&quot;start&quot;:1364,&quot;end&quot;:1473}]\"><strong>P\u00ebrkushtimi:<\/strong> Suksesi juaj \u00ebsht\u00eb prioriteti yn\u00eb, dhe ne shkojm\u00eb p\u00ebrtej pritshm\u00ebrive p\u00ebr ta siguruar at\u00eb.<\/p>\n<p data-pm-slice=\"1 1 []\"><strong>Pse t\u00eb Zgjidhni Golden Visa?<\/strong><\/p>\n<p><sup>01<\/sup> <\/p>\n<h2>99% K\u00ebnaq\u00ebsi e Klient\u00ebve<\/h2>\n<p data-pm-slice=\"1 1 [&quot;list&quot;,{&quot;spread&quot;:false,&quot;start&quot;:2467,&quot;end&quot;:2849},&quot;regular_list_item&quot;,{&quot;start&quot;:2467,&quot;end&quot;:2586}]\">Klient\u00ebt tan\u00eb raportojn\u00eb vazhdimisht p\u00ebrvoja t\u00eb shk\u00eblqyera dhe rezultate t\u00eb suksesshme.<\/p>\n<p><sup>02<\/sup> <\/p>\n<h2>Efikasitet n\u00eb cdo hap<\/h2>\n<p data-pm-slice=\"1 1 [&quot;list&quot;,{&quot;spread&quot;:false,&quot;start&quot;:2467,&quot;end&quot;:2849},&quot;regular_list_item&quot;,{&quot;start&quot;:2587,&quot;end&quot;:2702}]\">Ne thjesht\u00ebsojm\u00eb procesin e vizave dhe dokumentacionit, duke ju kursyer koh\u00eb dhe mund.<\/p>\n<p><sup>03<\/sup> <\/p>\n<h2>Zgjidhje t\u00eb personalizuara<\/h2>\n<p data-pm-slice=\"1 1 [&quot;list&quot;,{&quot;spread&quot;:false,&quot;start&quot;:2467,&quot;end&quot;:2849},&quot;regular_list_item&quot;,{&quot;start&quot;:2703,&quot;end&quot;:2849}]\">Asnj\u00eb klient nuk \u00ebsht\u00eb i nj\u00ebjt\u00eb, dhe as zgjidhjet tona. Ne p\u00ebrshtatim sh\u00ebrbimet tona sipas nevojave tuaja unike.<\/p>\n<h2>Na kontaktoni sot<\/h2>\n<p data-pm-slice=\"1 1 []\">Gati p\u00ebr t\u00eb filluar? Na kontaktoni p\u00ebr nj\u00eb konsult\u00eb dhe zbuloni si mund t\u00eb transformojm\u00eb aspiratat tuaja n\u00eb arritje. S\u00eb bashku, do t\u00eb hedhim hapin e par\u00eb drejt nj\u00eb t\u00eb ardhme m\u00eb t\u00eb ndritur.<\/p>\n<p><a href=\"#\" target=\"_blank\" rel=\"noopener\"> Kontakto tani <\/a><!--\/themify_builder_static--><\/p>\n","protected":false},"excerpt":{"rendered":"<p>\u00a0 \u00a0 Rreth Nesh\u00a0 E themeluar n\u00eb vitin 2024, Golden Visa \u00ebsht\u00eb partneri juaj i besuar p\u00ebr t\u00eb naviguar kompleksitetet e vizave t\u00eb pun\u00ebs dhe sh\u00ebrbimeve t\u00eb lidhura me to p\u00ebr Gjermanin\u00eb. Ne krenohemi q\u00eb ofrojm\u00eb zgjidhje t\u00eb personalizuara q\u00eb fuqizojn\u00eb individ\u00ebt p\u00ebr t\u00eb realizuar \u00ebndrrat e tyre p\u00ebr t\u00eb punuar dhe jetuar jasht\u00eb vendit. [&hellip;]<\/p>\n","protected":false},"author":1,"featured_media":0,"parent":0,"menu_order":0,"comment_status":"closed","ping_status":"closed","template":"","meta":{"footnotes":""},"class_list":["post-217","page","type-page","status-publish","hentry","has-post-title","has-post-date","has-post-category","has-post-tag","has-post-comment","has-post-author",""],"builder_content":"<h1 style=\"margin-bottom: 0;\">\u00a0<\/h1> <h5>\u00a0<\/h5>\n<h2>Rreth Nesh\u00a0<\/h2> <p data-pm-slice=\"1 1 []\">E themeluar n\u00eb vitin 2024, Golden Visa \u00ebsht\u00eb partneri juaj i besuar p\u00ebr t\u00eb naviguar kompleksitetet e vizave t\u00eb pun\u00ebs dhe sh\u00ebrbimeve t\u00eb lidhura me to p\u00ebr Gjermanin\u00eb. Ne krenohemi q\u00eb ofrojm\u00eb zgjidhje t\u00eb personalizuara q\u00eb fuqizojn\u00eb individ\u00ebt p\u00ebr t\u00eb realizuar \u00ebndrrat e tyre p\u00ebr t\u00eb punuar dhe jetuar jasht\u00eb vendit. Me nj\u00eb ekip profesionist\u00ebsh t\u00eb p\u00ebrkushtuar dhe nj\u00eb qasje t\u00eb orientuar te klienti, ne sigurojm\u00eb q\u00eb udh\u00ebtimi juaj t\u00eb jet\u00eb i thjesht\u00eb, efikas dhe pa stres.<\/p>\n<p data-pm-slice=\"1 1 []\"><strong>\u00c7far\u00eb Ofron Golden Visa<\/strong><\/p> <p data-pm-slice=\"1 1 []\">Golden Visa \u00ebsht\u00eb e specializuar n\u00eb:<\/p>\n<svg> <circle r=\"calc(50% - 1.00px)\" cx=\"50%\" cy=\"50%\" stroke-width=\"2\"\/> <circle r=\"calc(50% - 1.00px)\" cx=\"50%\" cy=\"50%\" stroke=\"#d9a938\" stroke-width=\"2\" data-progress=\"100\" stroke-dasharray=\"0,10000\"\/> <\/svg> <em style=\"color:#000000\"><svg aria-hidden=\"true\"><use href=\"#tf-fas-folder-open\"><\/use><\/svg><\/em> \n <h3> Rregullimin e Dokumenteve p\u00ebr Viza Pune <\/h3> <p data-pm-slice=\"1 1 [&quot;ordered_list&quot;,{&quot;spread&quot;:false,&quot;startingNumber&quot;:1,&quot;start&quot;:1542,&quot;end&quot;:2431},&quot;regular_list_item&quot;,{&quot;start&quot;:1542,&quot;end&quot;:1715}]\">Nga mbledhja e dokumenteve t\u00eb nevojshme deri te sigurimi q\u00eb \u00e7do detaj \u00ebsht\u00eb i sakt\u00eb, ne menaxhojm\u00eb t\u00eb gjith\u00eb procesin p\u00ebr ju.<\/p>\n<svg> <circle r=\"calc(50% - 1.00px)\" cx=\"50%\" cy=\"50%\" stroke-width=\"2\"\/> <circle r=\"calc(50% - 1.00px)\" cx=\"50%\" cy=\"50%\" stroke=\"#d9a938\" stroke-width=\"2\" data-progress=\"100\" stroke-dasharray=\"0,10000\"\/> <\/svg> <em style=\"color:#000000\"><svg aria-hidden=\"true\"><use href=\"#tf-fas-file-pen\"><\/use><\/svg><\/em> \n <h3> Asistenc\u00eb n\u00eb P\u00ebrgatitjen e Dokumenteve <\/h3> <p data-pm-slice=\"1 1 [&quot;ordered_list&quot;,{&quot;spread&quot;:false,&quot;startingNumber&quot;:1,&quot;start&quot;:1542,&quot;end&quot;:2431},&quot;regular_list_item&quot;,{&quot;start&quot;:1879,&quot;end&quot;:2012}]\">Keni nevoj\u00eb p\u00ebr ndihm\u00eb n\u00eb p\u00ebrgatitjen e dokumenteve? Ne ofrojm\u00eb udh\u00ebzime profesionale.<\/p>\n<svg> <circle r=\"calc(50% - 1.00px)\" cx=\"50%\" cy=\"50%\" stroke-width=\"2\"\/> <circle r=\"calc(50% - 1.00px)\" cx=\"50%\" cy=\"50%\" stroke=\"#d9a938\" stroke-width=\"2\" data-progress=\"100\" stroke-dasharray=\"0,10000\"\/> <\/svg> <em style=\"color:#000000\"><svg aria-hidden=\"true\"><use href=\"#tf-fas-passport\"><\/use><\/svg><\/em> \n <h3> Aplikime p\u00ebr Viza Pune <\/h3> <p data-pm-slice=\"1 1 [&quot;ordered_list&quot;,{&quot;spread&quot;:false,&quot;startingNumber&quot;:1,&quot;start&quot;:1542,&quot;end&quot;:2431},&quot;regular_list_item&quot;,{&quot;start&quot;:1716,&quot;end&quot;:1878}]\">Ju udh\u00ebzojm\u00eb gjat\u00eb gjith\u00eb procesit t\u00eb aplikimit, duke siguruar q\u00eb t\u00eb gjitha k\u00ebrkesat t\u00eb plot\u00ebsohen dhe aplikimet t\u00eb jen\u00eb pa gabime.<\/p>\n<svg> <circle r=\"calc(50% - 1.00px)\" cx=\"50%\" cy=\"50%\" stroke-width=\"2\"\/> <circle r=\"calc(50% - 1.00px)\" cx=\"50%\" cy=\"50%\" stroke=\"#d9a938\" stroke-width=\"2\" data-progress=\"100\" stroke-dasharray=\"0,10000\"\/> <\/svg> <em style=\"color:#000000\"><svg aria-hidden=\"true\"><use href=\"#tf-fas-calendar-check\"><\/use><\/svg><\/em> \n <h3> Rezervim p\u00ebr Termine n\u00eb Ambasad\u00ebn Gjermane <\/h3> <p data-pm-slice=\"1 1 [&quot;ordered_list&quot;,{&quot;spread&quot;:false,&quot;startingNumber&quot;:1,&quot;start&quot;:1542,&quot;end&quot;:2431},&quot;regular_list_item&quot;,{&quot;start&quot;:2013,&quot;end&quot;:2150}]\">Kurseni koh\u00eb dhe shmangni stresin me sh\u00ebrbimin ton\u00eb efikas t\u00eb rezervimit t\u00eb termineve.<\/p>\n<svg> <circle r=\"calc(50% - 1.00px)\" cx=\"50%\" cy=\"50%\" stroke-width=\"2\"\/> <circle r=\"calc(50% - 1.00px)\" cx=\"50%\" cy=\"50%\" stroke=\"#d9a938\" stroke-width=\"2\" data-progress=\"100\" stroke-dasharray=\"0,10000\"\/> <\/svg> <em style=\"color:#000000\"><svg aria-hidden=\"true\"><use href=\"#tf-fas-heartbeat\"><\/use><\/svg><\/em> \n <h3> Sigurime Sh\u00ebndet\u00ebsore <\/h3> <p data-pm-slice=\"1 1 [&quot;ordered_list&quot;,{&quot;spread&quot;:false,&quot;startingNumber&quot;:1,&quot;start&quot;:1542,&quot;end&quot;:2431},&quot;regular_list_item&quot;,{&quot;start&quot;:2151,&quot;end&quot;:2288}]\">Zgjidhni planin e duhur t\u00eb sigurimit sh\u00ebndet\u00ebsor q\u00eb plot\u00ebson k\u00ebrkesat gjermane dhe ju ofron qet\u00ebsi mendore.<\/p>\n<svg> <circle r=\"calc(50% - 1.00px)\" cx=\"50%\" cy=\"50%\" stroke-width=\"2\"\/> <circle r=\"calc(50% - 1.00px)\" cx=\"50%\" cy=\"50%\" stroke=\"#d9a938\" stroke-width=\"2\" data-progress=\"100\" stroke-dasharray=\"0,10000\"\/> <\/svg> <em style=\"color:#000000\"><svg aria-hidden=\"true\"><use href=\"#tf-fas-user-pen\"><\/use><\/svg><\/em> \n <h3> Nostrifikim i Diplomave <\/h3> <p data-pm-slice=\"1 1 [&quot;ordered_list&quot;,{&quot;spread&quot;:false,&quot;startingNumber&quot;:1,&quot;start&quot;:1542,&quot;end&quot;:2431},&quot;regular_list_item&quot;,{&quot;start&quot;:2289,&quot;end&quot;:2431}]\">Ne ndihmojm\u00eb me verifikimin dhe njohjen e kualifikimeve tuaja arsimore p\u00ebr nj\u00eb tranzicion t\u00eb qet\u00eb n\u00eb Gjermani.<\/p>\n<h3 style=\"text-align: center;\">Vlerat Themelore<\/h3>\n<p data-pm-slice=\"1 1 [&quot;list&quot;,{&quot;spread&quot;:false,&quot;start&quot;:1186,&quot;end&quot;:1473},&quot;regular_list_item&quot;,{&quot;start&quot;:1186,&quot;end&quot;:1270}]\"><strong>Profesionalizmi:<\/strong> Respektojm\u00eb standardet m\u00eb t\u00eb larta n\u00eb \u00e7do sh\u00ebrbim q\u00eb ofrojm\u00eb.<\/p> <p data-pm-slice=\"1 1 [&quot;list&quot;,{&quot;spread&quot;:false,&quot;start&quot;:1186,&quot;end&quot;:1473},&quot;regular_list_item&quot;,{&quot;start&quot;:1271,&quot;end&quot;:1363}]\"><strong>Transparenca:<\/strong> Komunikimi i qart\u00eb dhe udh\u00ebzimet e ndershme jan\u00eb n\u00eb thelb t\u00eb pun\u00ebs son\u00eb.<\/p> <p data-pm-slice=\"1 1 [&quot;list&quot;,{&quot;spread&quot;:false,&quot;start&quot;:1186,&quot;end&quot;:1473},&quot;regular_list_item&quot;,{&quot;start&quot;:1364,&quot;end&quot;:1473}]\"><strong>P\u00ebrkushtimi:<\/strong> Suksesi juaj \u00ebsht\u00eb prioriteti yn\u00eb, dhe ne shkojm\u00eb p\u00ebrtej pritshm\u00ebrive p\u00ebr ta siguruar at\u00eb.<\/p>\n<p data-pm-slice=\"1 1 []\"><strong>Pse t\u00eb Zgjidhni Golden Visa?<\/strong><\/p>\n\n<sup>01<\/sup> <h2>99% K\u00ebnaq\u00ebsi e Klient\u00ebve<\/h2>\n<p data-pm-slice=\"1 1 [&quot;list&quot;,{&quot;spread&quot;:false,&quot;start&quot;:2467,&quot;end&quot;:2849},&quot;regular_list_item&quot;,{&quot;start&quot;:2467,&quot;end&quot;:2586}]\">Klient\u00ebt tan\u00eb raportojn\u00eb vazhdimisht p\u00ebrvoja t\u00eb shk\u00eblqyera dhe rezultate t\u00eb suksesshme.<\/p>\n\n<sup>02<\/sup> <h2>Efikasitet n\u00eb cdo hap<\/h2>\n<p data-pm-slice=\"1 1 [&quot;list&quot;,{&quot;spread&quot;:false,&quot;start&quot;:2467,&quot;end&quot;:2849},&quot;regular_list_item&quot;,{&quot;start&quot;:2587,&quot;end&quot;:2702}]\">Ne thjesht\u00ebsojm\u00eb procesin e vizave dhe dokumentacionit, duke ju kursyer koh\u00eb dhe mund.<\/p>\n\n<sup>03<\/sup> <h2>Zgjidhje t\u00eb personalizuara<\/h2>\n<p data-pm-slice=\"1 1 [&quot;list&quot;,{&quot;spread&quot;:false,&quot;start&quot;:2467,&quot;end&quot;:2849},&quot;regular_list_item&quot;,{&quot;start&quot;:2703,&quot;end&quot;:2849}]\">Asnj\u00eb klient nuk \u00ebsht\u00eb i nj\u00ebjt\u00eb, dhe as zgjidhjet tona. Ne p\u00ebrshtatim sh\u00ebrbimet tona sipas nevojave tuaja unike.<\/p>\n<h2>Na kontaktoni sot<\/h2> <p data-pm-slice=\"1 1 []\">Gati p\u00ebr t\u00eb filluar? Na kontaktoni p\u00ebr nj\u00eb konsult\u00eb dhe zbuloni si mund t\u00eb transformojm\u00eb aspiratat tuaja n\u00eb arritje. S\u00eb bashku, do t\u00eb hedhim hapin e par\u00eb drejt nj\u00eb t\u00eb ardhme m\u00eb t\u00eb ndritur.<\/p>\n<a href=\"#\" target=\"_blank\" rel=\"noopener\"> Kontakto tani <\/a>","_links":{"self":[{"href":"https:\/\/govisa.eu\/index.php?rest_route=\/wp\/v2\/pages\/217","targetHints":{"allow":["GET"]}}],"collection":[{"href":"https:\/\/govisa.eu\/index.php?rest_route=\/wp\/v2\/pages"}],"about":[{"href":"https:\/\/govisa.eu\/index.php?rest_route=\/wp\/v2\/types\/page"}],"author":[{"embeddable":true,"href":"https:\/\/govisa.eu\/index.php?rest_route=\/wp\/v2\/users\/1"}],"replies":[{"embeddable":true,"href":"https:\/\/govisa.eu\/index.php?rest_route=%2Fwp%2Fv2%2Fcomments&post=217"}],"version-history":[{"count":25,"href":"https:\/\/govisa.eu\/index.php?rest_route=\/wp\/v2\/pages\/217\/revisions"}],"predecessor-version":[{"id":522,"href":"https:\/\/govisa.eu\/index.php?rest_route=\/wp\/v2\/pages\/217\/revisions\/522"}],"wp:attachment":[{"href":"https:\/\/govisa.eu\/index.php?rest_route=%2Fwp%2Fv2%2Fmedia&parent=217"}],"curies":[{"name":"wp","href":"https:\/\/api.w.org\/{rel}","templated":true}]}}